{"id":72,"date":"2023-02-08T11:39:50","date_gmt":"2023-02-08T10:39:50","guid":{"rendered":"https:\/\/www.midop.cz\/?page_id=72"},"modified":"2023-02-09T12:57:08","modified_gmt":"2023-02-09T11:57:08","slug":"o-nas","status":"publish","type":"page","link":"https:\/\/www.midop.cz\/?page_id=72","title":{"rendered":"O n\u00e1s"},"content":{"rendered":"\n<p><strong>Pot\u0159ebujete pomoct s p\u00e9\u010d\u00ed o sebe nebo o sv\u00e9 bl\u00edzk\u00e9?<\/strong><\/p>\n\n\n\n<p><strong>Pro n\u00e1s to nen\u00ed \u017e\u00e1dn\u00fd probl\u00e9m. Jsme tu pr\u00e1v\u011b pro V\u00e1s !<\/strong><\/p>\n\n\n\n<p>U ka\u017ed\u00e9ho z n\u00e1s m\u016f\u017ee nastat situace, kdy po \u00faraze, operaci nebo z\u00e1va\u017en\u00e9m onemocn\u011bn\u00ed budeme pot\u0159ebovat pomoc\u2026 Nebo n\u011bkdo z na\u0161ich bl\u00edzk\u00fdch&#8230;<\/p>\n\n\n\n<p>Proto jsme tu my, rodinn\u00e1 agentura, kter\u00e1 se o V\u00e1s postar\u00e1 a star\u00e1 se v\u00edce jak 20 let.<\/p>\n\n\n\n<p>Na\u0161e posl\u00e1n\u00ed je zajistit V\u00e1m pot\u0159ebnou p\u00e9\u010di ve vlastn\u00edm prost\u0159ed\u00ed, aby k hospitalizaci doch\u00e1zelo jen, kdy\u017e je to nezbytn\u011b nutn\u00e9.<\/p>\n","protected":false},"excerpt":{"rendered":"<p>Pot\u0159ebujete pomoct s p\u00e9\u010d\u00ed o sebe nebo o sv\u00e9 bl\u00edzk\u00e9? Pro n\u00e1s to nen\u00ed \u017e\u00e1dn\u00fd probl\u00e9m. Jsme tu pr\u00e1v\u011b pro V\u00e1s ! U ka\u017ed\u00e9ho z n\u00e1s m\u016f\u017ee nastat situace, kdy po \u00faraze, operaci nebo z\u00e1va\u017en\u00e9m onemocn\u011bn\u00ed budeme pot\u0159ebovat pomoc\u2026 Nebo n\u011bkdo z na\u0161ich bl\u00edzk\u00fdch&#8230; Proto jsme tu my, rodinn\u00e1 agentura, kter\u00e1 se o V\u00e1s postar\u00e1 &hellip; <\/p>\n<div class=\"link-more text-center\"><a href=\"https:\/\/www.midop.cz\/?page_id=72\" class=\"more-link py-2 px-4\">Read More<span class=\"screen-reader-text\"> &#8222;O n\u00e1s&#8220;<\/span><\/a><\/div>\n","protected":false},"author":1,"featured_media":0,"parent":0,"menu_order":0,"comment_status":"closed","ping_status":"closed","template":"","meta":{"footnotes":""},"class_list":["post-72","page","type-page","status-publish","hentry"],"_links":{"self":[{"href":"https:\/\/www.midop.cz\/index.php?rest_route=\/wp\/v2\/pages\/72","targetHints":{"allow":["GET"]}}],"collection":[{"href":"https:\/\/www.midop.cz\/index.php?rest_route=\/wp\/v2\/pages"}],"about":[{"href":"https:\/\/www.midop.cz\/index.php?rest_route=\/wp\/v2\/types\/page"}],"author":[{"embeddable":true,"href":"https:\/\/www.midop.cz\/index.php?rest_route=\/wp\/v2\/users\/1"}],"replies":[{"embeddable":true,"href":"https:\/\/www.midop.cz\/index.php?rest_route=%2Fwp%2Fv2%2Fcomments&post=72"}],"version-history":[{"count":2,"href":"https:\/\/www.midop.cz\/index.php?rest_route=\/wp\/v2\/pages\/72\/revisions"}],"predecessor-version":[{"id":119,"href":"https:\/\/www.midop.cz\/index.php?rest_route=\/wp\/v2\/pages\/72\/revisions\/119"}],"wp:attachment":[{"href":"https:\/\/www.midop.cz\/index.php?rest_route=%2Fwp%2Fv2%2Fmedia&parent=72"}],"curies":[{"name":"wp","href":"https:\/\/api.w.org\/{rel}","templated":true}]}}