{"id":77,"date":"2023-02-08T11:40:49","date_gmt":"2023-02-08T10:40:49","guid":{"rendered":"https:\/\/www.midop.cz\/?page_id=77"},"modified":"2023-02-09T12:14:32","modified_gmt":"2023-02-09T11:14:32","slug":"nase-sluzby","status":"publish","type":"page","link":"https:\/\/www.midop.cz\/?page_id=77","title":{"rendered":"Na\u0161e slu\u017eby"},"content":{"rendered":"\n<p>Poskytujeme:<\/p>\n\n\n\n<p>&#8211; zdravotn\u00ed p\u00e9\u010di p\u0159edepsanou praktick\u00fdm nebo o\u0161et\u0159uj\u00edc\u00edm l\u00e9ka\u0159em (p\u0159evazy, infuze, p\u00e9\u010de o stomie)<\/p>\n\n\n\n<p>&#8211; o\u0161et\u0159ov\u00e1n\u00ed kr\u00e1tkodob\u011b i dlouhodob\u011b nemocn\u00fdch v\u010detn\u011b rehabilitace<\/p>\n\n\n\n<p>&#8211; mo\u017enost dom\u00e1c\u00edho dol\u00e9\u010den\u00ed bez odlou\u010den\u00ed rodiny<\/p>\n\n\n\n<p>&#8211; pomoc rodin\u011b v p\u00e9\u010di o nevyl\u00e9\u010diteln\u011b nemocn\u00e9<\/p>\n\n\n\n<p>&#8211; p\u016fj\u010dov\u00e1n\u00ed zdravotn\u00edch pom\u016fcek<\/p>\n\n\n\n<p>&#8211; dohled a pod\u00e1v\u00e1n\u00ed l\u00e9k\u016f, aplikace i.m. terapie<\/p>\n\n\n\n<p>&#8211; m\u011b\u0159en\u00ed krevn\u00edho tlaku<\/p>\n","protected":false},"excerpt":{"rendered":"<p>Poskytujeme: &#8211; zdravotn\u00ed p\u00e9\u010di p\u0159edepsanou praktick\u00fdm nebo o\u0161et\u0159uj\u00edc\u00edm l\u00e9ka\u0159em (p\u0159evazy, infuze, p\u00e9\u010de o stomie) &#8211; o\u0161et\u0159ov\u00e1n\u00ed kr\u00e1tkodob\u011b i dlouhodob\u011b nemocn\u00fdch v\u010detn\u011b rehabilitace &#8211; mo\u017enost dom\u00e1c\u00edho dol\u00e9\u010den\u00ed bez odlou\u010den\u00ed rodiny &#8211; pomoc rodin\u011b v p\u00e9\u010di o nevyl\u00e9\u010diteln\u011b nemocn\u00e9 &#8211; p\u016fj\u010dov\u00e1n\u00ed zdravotn\u00edch pom\u016fcek &#8211; dohled a pod\u00e1v\u00e1n\u00ed l\u00e9k\u016f, aplikace i.m. terapie &#8211; m\u011b\u0159en\u00ed krevn\u00edho tlaku<\/p>\n","protected":false},"author":1,"featured_media":0,"parent":0,"menu_order":0,"comment_status":"closed","ping_status":"closed","template":"","meta":{"footnotes":""},"class_list":["post-77","page","type-page","status-publish","hentry"],"_links":{"self":[{"href":"https:\/\/www.midop.cz\/index.php?rest_route=\/wp\/v2\/pages\/77","targetHints":{"allow":["GET"]}}],"collection":[{"href":"https:\/\/www.midop.cz\/index.php?rest_route=\/wp\/v2\/pages"}],"about":[{"href":"https:\/\/www.midop.cz\/index.php?rest_route=\/wp\/v2\/types\/page"}],"author":[{"embeddable":true,"href":"https:\/\/www.midop.cz\/index.php?rest_route=\/wp\/v2\/users\/1"}],"replies":[{"embeddable":true,"href":"https:\/\/www.midop.cz\/index.php?rest_route=%2Fwp%2Fv2%2Fcomments&post=77"}],"version-history":[{"count":2,"href":"https:\/\/www.midop.cz\/index.php?rest_route=\/wp\/v2\/pages\/77\/revisions"}],"predecessor-version":[{"id":115,"href":"https:\/\/www.midop.cz\/index.php?rest_route=\/wp\/v2\/pages\/77\/revisions\/115"}],"wp:attachment":[{"href":"https:\/\/www.midop.cz\/index.php?rest_route=%2Fwp%2Fv2%2Fmedia&parent=77"}],"curies":[{"name":"wp","href":"https:\/\/api.w.org\/{rel}","templated":true}]}}